

{"id":8002,"date":"2020-11-24T09:19:04","date_gmt":"2020-11-24T09:19:04","guid":{"rendered":"http:\/\/regala.purbarcelona.com\/?page_id=8002"},"modified":"2026-04-06T09:02:41","modified_gmt":"2026-04-06T09:02:41","slug":"regala-pur","status":"publish","type":"page","link":"https:\/\/regala.purbarcelona.com\/ca\/","title":{"rendered":"Regala Pur"},"content":{"rendered":"<p>&nbsp;<\/p>\n<p>Us proposem sorprendre amics i familiars d\u2019una manera diferent: vivint una Experi\u00e8ncia Pur, una forma original de regalar la m\u00e0gia de la gastronomia i els espais de casa nostra.<\/p>\n<p>Les Experi\u00e8ncies Pur s\u00f3n una aventura que va m\u00e9s enll\u00e0 de la gastronomia. S\u00f3n una suma de la passi\u00f3, l\u2019emoci\u00f3 i la sensibilitat que volem transmetre en tot all\u00f2 que fem.<\/p>\n<p>&nbsp;<\/p>\n<p>Tots els packs s\u00f3n v\u00e0lids per a dues persones<br \/>\nUs esperem per gaudir al vostre costat d\u2019aquesta Experi\u00e8ncia Pur!<br \/>\n1 \u2192 Escolliu a la galeria inferior quina experi\u00e8ncia desitgeu.<br \/>\n2 \u2192 Valideu la vostra elecci\u00f3 i procedireu al pagament electr\u00f2nic.<br \/>\n3 \u2192 Rebreu un correu electr\u00f2nic amb la factura corresponent.<br \/>\n4 \u2192 La caixa-regal ser\u00e0 enviada a l\u2019adre\u00e7a que h\u00e0giu assignat en un termini de 3 dies laborables aproximadament.<br \/>\n5 \u2192 Disposareu de 6 mesos a partir de la data de la compra per realitzar la reserva \u2013dinar o sopar per a 2 persones- a info@purbarcelona.com o b\u00e9 al tel\u00e8fon 93 170 17 70.<\/p>\n<p>&nbsp;<\/p>\n<p>La caixa-regal inclou totes les indicacions per a realitzar la reserva.<\/p>\n","protected":false},"excerpt":{"rendered":"<p>&nbsp; Us proposem sorprendre amics i familiars d\u2019una manera diferent: vivint una Experi\u00e8ncia Pur, una forma original de regalar la m\u00e0gia de la gastronomia i els espais de casa nostra. Les Experi\u00e8ncies Pur s\u00f3n una aventura que va m\u00e9s enll\u00e0 de la gastronomia. S\u00f3n una suma de la passi\u00f3, l\u2019emoci\u00f3 i la sensibilitat que volem [&hellip;]<\/p>\n","protected":false},"author":1,"featured_media":0,"parent":0,"menu_order":0,"comment_status":"closed","ping_status":"closed","template":"app-templates\/page-shop.php","meta":{"_acf_changed":false,"footnotes":""},"class_list":["post-8002","page","type-page","status-publish","hentry"],"acf":[],"_links":{"self":[{"href":"https:\/\/regala.purbarcelona.com\/ca\/wp-json\/wp\/v2\/pages\/8002","targetHints":{"allow":["GET"]}}],"collection":[{"href":"https:\/\/regala.purbarcelona.com\/ca\/wp-json\/wp\/v2\/pages"}],"about":[{"href":"https:\/\/regala.purbarcelona.com\/ca\/wp-json\/wp\/v2\/types\/page"}],"author":[{"embeddable":true,"href":"https:\/\/regala.purbarcelona.com\/ca\/wp-json\/wp\/v2\/users\/1"}],"replies":[{"embeddable":true,"href":"https:\/\/regala.purbarcelona.com\/ca\/wp-json\/wp\/v2\/comments?post=8002"}],"version-history":[{"count":18,"href":"https:\/\/regala.purbarcelona.com\/ca\/wp-json\/wp\/v2\/pages\/8002\/revisions"}],"predecessor-version":[{"id":45273,"href":"https:\/\/regala.purbarcelona.com\/ca\/wp-json\/wp\/v2\/pages\/8002\/revisions\/45273"}],"wp:attachment":[{"href":"https:\/\/regala.purbarcelona.com\/ca\/wp-json\/wp\/v2\/media?parent=8002"}],"curies":[{"name":"wp","href":"https:\/\/api.w.org\/{rel}","templated":true}]}}