

{"id":4522,"date":"2020-04-21T12:01:59","date_gmt":"2020-04-21T12:01:59","guid":{"rendered":"http:\/\/regala.purbarcelona.com\/?post_type=product&#038;p=4522"},"modified":"2025-08-24T08:08:03","modified_gmt":"2025-08-24T08:08:03","slug":"pack-experiencia-pur","status":"publish","type":"product","link":"https:\/\/regala.purbarcelona.com\/ca\/producte\/pack-experiencia-pur\/","title":{"rendered":"Pack Experi\u00e8ncia Pur"},"content":{"rendered":"<p>Men\u00fa Experi\u00e8ncia Pur, aigua mineral, servei de pa, una ampolla de vi o cava. Selecci\u00f3 de vins Jubany i caf\u00e8s.<\/p>\n","protected":false},"excerpt":{"rendered":"<p>Men\u00fa Experi\u00e8ncia Pur, aigua mineral, servei de pa, una ampolla de vi o cava. Selecci\u00f3 de vins Jubany i caf\u00e8s.<\/p>\n","protected":false},"featured_media":44647,"comment_status":"open","ping_status":"closed","template":"","meta":{"_acf_changed":false},"product_cat":[35],"product_tag":[],"class_list":{"0":"post-4522","1":"product","2":"type-product","3":"status-publish","4":"has-post-thumbnail","6":"product_cat-sense-categoria","8":"first","9":"instock","10":"shipping-taxable","11":"purchasable","12":"product-type-simple"},"acf":[],"_links":{"self":[{"href":"https:\/\/regala.purbarcelona.com\/ca\/wp-json\/wp\/v2\/product\/4522","targetHints":{"allow":["GET"]}}],"collection":[{"href":"https:\/\/regala.purbarcelona.com\/ca\/wp-json\/wp\/v2\/product"}],"about":[{"href":"https:\/\/regala.purbarcelona.com\/ca\/wp-json\/wp\/v2\/types\/product"}],"replies":[{"embeddable":true,"href":"https:\/\/regala.purbarcelona.com\/ca\/wp-json\/wp\/v2\/comments?post=4522"}],"wp:featuredmedia":[{"embeddable":true,"href":"https:\/\/regala.purbarcelona.com\/ca\/wp-json\/wp\/v2\/media\/44647"}],"wp:attachment":[{"href":"https:\/\/regala.purbarcelona.com\/ca\/wp-json\/wp\/v2\/media?parent=4522"}],"wp:term":[{"taxonomy":"product_cat","embeddable":true,"href":"https:\/\/regala.purbarcelona.com\/ca\/wp-json\/wp\/v2\/product_cat?post=4522"},{"taxonomy":"product_tag","embeddable":true,"href":"https:\/\/regala.purbarcelona.com\/ca\/wp-json\/wp\/v2\/product_tag?post=4522"}],"curies":[{"name":"wp","href":"https:\/\/api.w.org\/{rel}","templated":true}]}}