

{"id":152,"date":"2019-06-18T09:45:49","date_gmt":"2019-06-18T09:45:49","guid":{"rendered":"http:\/\/regala.purbarcelona.com\/shop\/"},"modified":"2022-09-29T08:43:11","modified_gmt":"2022-09-29T08:43:11","slug":"shop","status":"publish","type":"page","link":"https:\/\/regala.purbarcelona.com\/es\/shop\/","title":{"rendered":"Regala Pur"},"content":{"rendered":"<p>Os proponemos sorprender a amigos y familiares de una manera diferente: viviendo una Experiencia Pur, una forma original de regalar la magia de nuestra gastronom\u00eda y nuestros espacios.<\/p>\n<p>Las Experiencias Pur son una aventura que va m\u00e1s all\u00e1 de la gastronom\u00eda. Son una suma de la pasi\u00f3n, la emoci\u00f3n y la sensibilidad que queremos transmitir en todo lo que hacemos.<\/p>\n<p>&nbsp;<\/p>\n<p>Todos los packs son v\u00e1lidos para dos personas.<\/p>\n<p>Us esperem per gaudir al vostre costat d\u2019aquesta Experi\u00e8ncia Pur!<br \/>\n1 \u2192 Escoged en la galer\u00eda inferior qu\u00e9 experiencia dese\u00e1is.<br \/>\n2 \u2192 Validad vuestra elecci\u00f3n y proceder\u00e9is al pago electr\u00f3nico.<br \/>\n3 \u2192 Recibir\u00e9is un correo electr\u00f3nico con la factura correspondiente.<br \/>\n4 \u2192 La caja-regalo ser\u00e1 enviada a la direcci\u00f3n que hay\u00e1is asignado en un plazo de 3 d\u00edas laborables aproximadamente.<br \/>\n5 \u2192 Dispondr\u00e9is de 6 meses a partir de la fecha de la compra para realizar la reserva \u2013comida o cena para 2 personas- a info@purbarcelona.com o bien por tel\u00e9fono al 93 170 17 70.<\/p>\n<p>&nbsp;<\/p>\n<p>La caja-regalo incluye todas las indicaciones para realizar la reserva.<br \/>\n&nbsp;<\/p>\n","protected":false},"excerpt":{"rendered":"<p>Os proponemos sorprender a amigos y familiares de una manera diferente: viviendo una Experiencia Pur, una forma original de regalar la magia de nuestra gastronom\u00eda y nuestros espacios. Las Experiencias Pur son una aventura que va m\u00e1s all\u00e1 de la gastronom\u00eda. Son una suma de la pasi\u00f3n, la emoci\u00f3n y la sensibilidad que queremos transmitir [&hellip;]<\/p>\n","protected":false},"author":1,"featured_media":0,"parent":0,"menu_order":0,"comment_status":"closed","ping_status":"closed","template":"app-templates\/page-shop.php","meta":{"_acf_changed":false,"footnotes":""},"class_list":["post-152","page","type-page","status-publish","hentry"],"acf":[],"_links":{"self":[{"href":"https:\/\/regala.purbarcelona.com\/es\/wp-json\/wp\/v2\/pages\/152","targetHints":{"allow":["GET"]}}],"collection":[{"href":"https:\/\/regala.purbarcelona.com\/es\/wp-json\/wp\/v2\/pages"}],"about":[{"href":"https:\/\/regala.purbarcelona.com\/es\/wp-json\/wp\/v2\/types\/page"}],"author":[{"embeddable":true,"href":"https:\/\/regala.purbarcelona.com\/es\/wp-json\/wp\/v2\/users\/1"}],"replies":[{"embeddable":true,"href":"https:\/\/regala.purbarcelona.com\/es\/wp-json\/wp\/v2\/comments?post=152"}],"version-history":[{"count":9,"href":"https:\/\/regala.purbarcelona.com\/es\/wp-json\/wp\/v2\/pages\/152\/revisions"}],"predecessor-version":[{"id":28344,"href":"https:\/\/regala.purbarcelona.com\/es\/wp-json\/wp\/v2\/pages\/152\/revisions\/28344"}],"wp:attachment":[{"href":"https:\/\/regala.purbarcelona.com\/es\/wp-json\/wp\/v2\/media?parent=152"}],"curies":[{"name":"wp","href":"https:\/\/api.w.org\/{rel}","templated":true}]}}